	{"id":2002,"date":"2025-01-25T16:42:41","date_gmt":"2025-01-25T15:42:41","guid":{"rendered":"https:\/\/marpro.cl\/web\/?page_id=2002"},"modified":"2025-04-22T17:29:35","modified_gmt":"2025-04-22T15:29:35","slug":"i-d-investigacion-y-desarrollo","status":"publish","type":"page","link":"https:\/\/marpro.cl\/web\/i-d-investigacion-y-desarrollo\/","title":{"rendered":"I + D (Investigaci\u00f3n y Desarrollo)"},"content":{"rendered":"<div class=\"wp-block-image\">\n<figure class=\"alignleft size-large is-resized\"><img loading=\"lazy\" decoding=\"async\" width=\"1024\" height=\"684\" src=\"https:\/\/marpro.cl\/web\/wp-content\/uploads\/2025\/01\/th_I-D-1-1024x684.jpg\" alt=\"\" class=\"wp-image-2006\" style=\"width:497px;height:auto\" srcset=\"https:\/\/marpro.cl\/web\/wp-content\/uploads\/2025\/01\/th_I-D-1-1024x684.jpg 1024w, https:\/\/marpro.cl\/web\/wp-content\/uploads\/2025\/01\/th_I-D-1-300x200.jpg 300w, https:\/\/marpro.cl\/web\/wp-content\/uploads\/2025\/01\/th_I-D-1-768x513.jpg 768w, https:\/\/marpro.cl\/web\/wp-content\/uploads\/2025\/01\/th_I-D-1.jpg 1504w\" sizes=\"auto, (max-width: 1024px) 100vw, 1024px\" \/><\/figure>\n<\/div>\n\n\n<p class=\"has-text-align-center\">Nuestra experiencia en el mercado nos permite generar investigaci\u00f3n y desarrollo de nuevas tecnolog\u00edas en el \u00e1mbito qu\u00edmico, para as\u00ed solucionar distintos problemas que se le presentan a nuestros clientes y que no pueden ser abarcados por el mercado tradicional debido a lo complejo y\/o espec\u00edfico de la soluci\u00f3n.<\/p>\n\n\n\n<p class=\"has-text-align-center\">Debido a esto, es que contamos con un equipo de especialistas para el desarrollo de productos a medida de las necesidades espec\u00edficas de nuestros clientes. Contamos adem\u00e1s con alianzas estrat\u00e9gicas con universidades y otros actores del mundo acad\u00e9mico, que nos ha permitido potenciar nuestra capacidad de innovaci\u00f3n.<\/p>\n\n\n\n<div style=\"height:18px\" aria-hidden=\"true\" class=\"wp-block-spacer\"><\/div>\n\n\n\n<p class=\"has-text-align-center\"><\/p>\n\n\n<div class=\"wp-block-image\">\n<figure class=\"alignright size-large is-resized\"><img loading=\"lazy\" decoding=\"async\" width=\"1024\" height=\"452\" src=\"https:\/\/marpro.cl\/web\/wp-content\/uploads\/2025\/01\/th_Logos-frase-01-1024x452.jpg\" alt=\"\" class=\"wp-image-2004\" style=\"width:652px;height:auto\" srcset=\"https:\/\/marpro.cl\/web\/wp-content\/uploads\/2025\/01\/th_Logos-frase-01-1024x452.jpg 1024w, https:\/\/marpro.cl\/web\/wp-content\/uploads\/2025\/01\/th_Logos-frase-01-300x133.jpg 300w, https:\/\/marpro.cl\/web\/wp-content\/uploads\/2025\/01\/th_Logos-frase-01-768x339.jpg 768w, https:\/\/marpro.cl\/web\/wp-content\/uploads\/2025\/01\/th_Logos-frase-01.jpg 1306w\" sizes=\"auto, (max-width: 1024px) 100vw, 1024px\" \/><\/figure>\n<\/div>\n\n\n<p class=\"has-text-align-center\">Ser una empresa dedicada al I + D nos ha llevado a participar en proyectos de INNOVA CORFO los cuales presentan soluciones innovadoras en el \u00e1rea minera para la limpieza de c\u00e1todos y para la recuperaci\u00f3n de aguas de procesos industriales, entre otros.<\/p>\n\n\n\n<div style=\"height:14px\" aria-hidden=\"true\" class=\"wp-block-spacer\"><\/div>\n\n\n<div class=\"wp-block-image\">\n<figure class=\"alignleft size-large is-resized\"><img loading=\"lazy\" decoding=\"async\" width=\"1024\" height=\"683\" src=\"https:\/\/marpro.cl\/web\/wp-content\/uploads\/2025\/01\/th_pag-id-1-1024x683.jpg\" alt=\"\" class=\"wp-image-2005\" style=\"width:529px;height:auto\" srcset=\"https:\/\/marpro.cl\/web\/wp-content\/uploads\/2025\/01\/th_pag-id-1-1024x683.jpg 1024w, https:\/\/marpro.cl\/web\/wp-content\/uploads\/2025\/01\/th_pag-id-1-300x200.jpg 300w, https:\/\/marpro.cl\/web\/wp-content\/uploads\/2025\/01\/th_pag-id-1-768x512.jpg 768w, https:\/\/marpro.cl\/web\/wp-content\/uploads\/2025\/01\/th_pag-id-1.jpg 1296w\" sizes=\"auto, (max-width: 1024px) 100vw, 1024px\" \/><\/figure>\n<\/div>\n\n\n<p class=\"has-text-align-center\">A lo largo del tiempo hemos desarrollado productos para soluciones espec\u00edficas de diversos rubros como lavado de cilindros, lubricantes en base a agua sin presencia de solventes y no inflamables, floculantes biodegradables para el tratamiento de RILES, anticongelantes sin presencia de cloruros, detergentes para el lavado de ultrasonidos, por mencionar algunos.<\/p>\n\n\n\n<div style=\"height:10px\" aria-hidden=\"true\" class=\"wp-block-spacer\"><\/div>\n\n\n\n<p class=\"has-text-align-center\">Si necesita de nuestro apoyo t\u00e9cnico, puede comunicarse a trav\u00e9s de nuestro mail <a href=\"mailto:secventas@marpro.cl\">secventas@marpro.cl<\/a> o al tel\u00e9fono 32 2187360<\/p>\n\n\n\n<p><\/p>\n","protected":false},"excerpt":{"rendered":"<p>Nuestra experiencia en el mercado nos permite generar investigaci\u00f3n y desarrollo de nuevas tecnolog\u00edas en el \u00e1mbito qu\u00edmico, para as\u00ed solucionar distintos problemas que se le presentan a nuestros clientes y que no pueden ser abarcados por el mercado tradicional debido a lo complejo y\/o espec\u00edfico de la soluci\u00f3n. Debido a esto, es que contamos [&hellip;]<\/p>\n","protected":false},"author":1,"featured_media":0,"parent":0,"menu_order":0,"comment_status":"closed","ping_status":"closed","template":"","meta":{"footnotes":""},"class_list":["post-2002","page","type-page","status-publish","hentry"],"_links":{"self":[{"href":"https:\/\/marpro.cl\/web\/wp-json\/wp\/v2\/pages\/2002","targetHints":{"allow":["GET"]}}],"collection":[{"href":"https:\/\/marpro.cl\/web\/wp-json\/wp\/v2\/pages"}],"about":[{"href":"https:\/\/marpro.cl\/web\/wp-json\/wp\/v2\/types\/page"}],"author":[{"embeddable":true,"href":"https:\/\/marpro.cl\/web\/wp-json\/wp\/v2\/users\/1"}],"replies":[{"embeddable":true,"href":"https:\/\/marpro.cl\/web\/wp-json\/wp\/v2\/comments?post=2002"}],"version-history":[{"count":15,"href":"https:\/\/marpro.cl\/web\/wp-json\/wp\/v2\/pages\/2002\/revisions"}],"predecessor-version":[{"id":2272,"href":"https:\/\/marpro.cl\/web\/wp-json\/wp\/v2\/pages\/2002\/revisions\/2272"}],"wp:attachment":[{"href":"https:\/\/marpro.cl\/web\/wp-json\/wp\/v2\/media?parent=2002"}],"curies":[{"name":"wp","href":"https:\/\/api.w.org\/{rel}","templated":true}]}}