	{"id":2013,"date":"2025-01-25T17:05:15","date_gmt":"2025-01-25T16:05:15","guid":{"rendered":"https:\/\/marpro.cl\/web\/?page_id=2013"},"modified":"2025-04-22T04:44:14","modified_gmt":"2025-04-22T02:44:14","slug":"nuestros-servicios","status":"publish","type":"page","link":"https:\/\/marpro.cl\/web\/nuestros-servicios\/","title":{"rendered":"Servicios de Marpro Chile"},"content":{"rendered":"<div class=\"wp-block-image\">\n<figure class=\"alignright size-large is-resized\"><img loading=\"lazy\" decoding=\"async\" width=\"1024\" height=\"576\" src=\"https:\/\/marpro.cl\/web\/wp-content\/uploads\/2025\/01\/th_Limpieza-Quimica-1-1024x576.jpg\" alt=\"\" class=\"wp-image-2014\" style=\"width:540px;height:auto\" srcset=\"https:\/\/marpro.cl\/web\/wp-content\/uploads\/2025\/01\/th_Limpieza-Quimica-1-1024x576.jpg 1024w, https:\/\/marpro.cl\/web\/wp-content\/uploads\/2025\/01\/th_Limpieza-Quimica-1-300x169.jpg 300w, https:\/\/marpro.cl\/web\/wp-content\/uploads\/2025\/01\/th_Limpieza-Quimica-1-768x432.jpg 768w, https:\/\/marpro.cl\/web\/wp-content\/uploads\/2025\/01\/th_Limpieza-Quimica-1-1536x864.jpg 1536w, https:\/\/marpro.cl\/web\/wp-content\/uploads\/2025\/01\/th_Limpieza-Quimica-1-2048x1152.jpg 2048w\" sizes=\"auto, (max-width: 1024px) 100vw, 1024px\" \/><\/figure>\n<\/div>\n\n\n<p>Poseemos m\u00e1s de 15 a\u00f1os de experiencia realizando servicios de limpiezas qu\u00edmicas industriales, principalmente en el \u00e1mbito mar\u00edtimo, atendiendo a importantes clientes como la Armada de Chile y ASMAR, ya que conocemos a cabalidad los sistemas de enfriamiento, refrigeraci\u00f3n, sewage y de incendio de sus buques, lo que nos hace una empresa capaz de garantizar los trabajos al 100% con \u00f3ptimos resultados.<\/p>\n\n\n\n<p class=\"has-white-color has-text-color has-link-color wp-elements-7e4ac651328708ea719ac0894fa30934\">.<\/p>\n\n\n<div class=\"wp-block-image\">\n<figure class=\"alignleft size-large is-resized\"><img loading=\"lazy\" decoding=\"async\" width=\"576\" height=\"1024\" src=\"http:\/\/marpro.cl\/web\/wp-content\/uploads\/2025\/01\/th_Limpieza-Quimica-2-576x1024.jpg\" alt=\"\" class=\"wp-image-2015\" style=\"width:271px;height:auto\" srcset=\"https:\/\/marpro.cl\/web\/wp-content\/uploads\/2025\/01\/th_Limpieza-Quimica-2-576x1024.jpg 576w, https:\/\/marpro.cl\/web\/wp-content\/uploads\/2025\/01\/th_Limpieza-Quimica-2-169x300.jpg 169w, https:\/\/marpro.cl\/web\/wp-content\/uploads\/2025\/01\/th_Limpieza-Quimica-2-768x1365.jpg 768w, https:\/\/marpro.cl\/web\/wp-content\/uploads\/2025\/01\/th_Limpieza-Quimica-2-864x1536.jpg 864w, https:\/\/marpro.cl\/web\/wp-content\/uploads\/2025\/01\/th_Limpieza-Quimica-2-1152x2048.jpg 1152w, https:\/\/marpro.cl\/web\/wp-content\/uploads\/2025\/01\/th_Limpieza-Quimica-2-rotated.jpg 1161w\" sizes=\"auto, (max-width: 576px) 100vw, 576px\" \/><\/figure>\n<\/div>\n\n\n<p class=\"has-text-align-left\">Nuestra misi\u00f3n es proporcionar servicios de limpieza qu\u00edmica de la m\u00e1s alta calidad, asegurando la satisfacci\u00f3n total de nuestros clientes mediante el uso de productos avanzados y espec\u00edficos que est\u00e9n acordes a las materialidades de sus circuitos y equipos a tratar, por lo que ponemos a disposici\u00f3n una gama de soluciones eficientes y seguras para m\u00faltiples sectores industriales, siempre comprometidos con el medio ambiente y la seguridad en todos nuestros procesos.<\/p>\n\n\n\n<p class=\"has-white-color has-text-color has-link-color wp-elements-7e4ac651328708ea719ac0894fa30934\">.<\/p>\n\n\n\n<p><\/p>\n\n\n\n<p><\/p>\n\n\n\n<p><\/p>\n\n\n\n<p><\/p>\n\n\n\n<p>Algunos de nuestros principales servicios son:<\/p>\n\n\n<div class=\"wp-block-image\">\n<figure class=\"alignright size-large is-resized\"><img loading=\"lazy\" decoding=\"async\" width=\"576\" height=\"1024\" src=\"http:\/\/marpro.cl\/web\/wp-content\/uploads\/2025\/01\/th_Limpieza-Quimica-3-576x1024.jpg\" alt=\"\" class=\"wp-image-2016\" style=\"width:308px;height:auto\" srcset=\"https:\/\/marpro.cl\/web\/wp-content\/uploads\/2025\/01\/th_Limpieza-Quimica-3-576x1024.jpg 576w, https:\/\/marpro.cl\/web\/wp-content\/uploads\/2025\/01\/th_Limpieza-Quimica-3-169x300.jpg 169w, https:\/\/marpro.cl\/web\/wp-content\/uploads\/2025\/01\/th_Limpieza-Quimica-3-768x1365.jpg 768w, https:\/\/marpro.cl\/web\/wp-content\/uploads\/2025\/01\/th_Limpieza-Quimica-3-864x1536.jpg 864w, https:\/\/marpro.cl\/web\/wp-content\/uploads\/2025\/01\/th_Limpieza-Quimica-3-1152x2048.jpg 1152w, https:\/\/marpro.cl\/web\/wp-content\/uploads\/2025\/01\/th_Limpieza-Quimica-3-rotated.jpg 1161w\" sizes=\"auto, (max-width: 576px) 100vw, 576px\" \/><\/figure>\n<\/div>\n\n\n<ul class=\"wp-block-list\">\n<li><strong>FLUSHING DE CIRCUITOS DE CA\u00d1ER\u00cdAS:<\/strong> Realizamos recirculado de circuitos de distintos tipos de ca\u00f1er\u00eda, en la cual se aplica un producto id\u00f3neo al sistema que se interviene, dependiendo del material que se quiera remover dentro del circuito.<\/li>\n\n\n\n<li><strong>DESINCRUSTADO DE SISTEMAS Y EQUIPOS:<\/strong> Ofrecemos servicios de desincrustado de sistemas completos y\/o equipos por separado, para eliminar excesos de residuos calc\u00e1reos y dep\u00f3sitos minerales en \u00e9stos.<\/li>\n\n\n\n<li><strong>LIMPIEZA DE CALDERAS:<\/strong> Nos dedicamos a la mantenci\u00f3n por tratamiento qu\u00edmico, puesta en marcha y an\u00e1lisis de par\u00e1metros a calderas de embarcaciones y calderas industriales.<\/li>\n\n\n\n<li><strong>LIMPIEZA DE ESTANQUE:<\/strong> Efectuamos limpieza y desinfecci\u00f3n a equipos y estanques industriales seg\u00fan la necesidad del cliente.<\/li>\n<\/ul>\n","protected":false},"excerpt":{"rendered":"<p>Poseemos m\u00e1s de 15 a\u00f1os de experiencia realizando servicios de limpiezas qu\u00edmicas industriales, principalmente en el \u00e1mbito mar\u00edtimo, atendiendo a importantes clientes como la Armada de Chile y ASMAR, ya que conocemos a cabalidad los sistemas de enfriamiento, refrigeraci\u00f3n, sewage y de incendio de sus buques, lo que nos hace una empresa capaz de garantizar [&hellip;]<\/p>\n","protected":false},"author":1,"featured_media":0,"parent":0,"menu_order":0,"comment_status":"closed","ping_status":"closed","template":"","meta":{"footnotes":""},"class_list":["post-2013","page","type-page","status-publish","hentry"],"_links":{"self":[{"href":"https:\/\/marpro.cl\/web\/wp-json\/wp\/v2\/pages\/2013","targetHints":{"allow":["GET"]}}],"collection":[{"href":"https:\/\/marpro.cl\/web\/wp-json\/wp\/v2\/pages"}],"about":[{"href":"https:\/\/marpro.cl\/web\/wp-json\/wp\/v2\/types\/page"}],"author":[{"embeddable":true,"href":"https:\/\/marpro.cl\/web\/wp-json\/wp\/v2\/users\/1"}],"replies":[{"embeddable":true,"href":"https:\/\/marpro.cl\/web\/wp-json\/wp\/v2\/comments?post=2013"}],"version-history":[{"count":16,"href":"https:\/\/marpro.cl\/web\/wp-json\/wp\/v2\/pages\/2013\/revisions"}],"predecessor-version":[{"id":2270,"href":"https:\/\/marpro.cl\/web\/wp-json\/wp\/v2\/pages\/2013\/revisions\/2270"}],"wp:attachment":[{"href":"https:\/\/marpro.cl\/web\/wp-json\/wp\/v2\/media?parent=2013"}],"curies":[{"name":"wp","href":"https:\/\/api.w.org\/{rel}","templated":true}]}}